{"id":79,"date":"2018-05-09T12:21:59","date_gmt":"2018-05-09T12:21:59","guid":{"rendered":"http:\/\/kb-moreno.de\/?page_id=79"},"modified":"2025-06-09T15:28:12","modified_gmt":"2025-06-09T13:28:12","slug":"leistungen","status":"publish","type":"page","link":"https:\/\/kb-moreno.de\/?page_id=79","title":{"rendered":"Leistungen"},"content":{"rendered":"\t\t<div data-elementor-type=\"wp-page\" data-elementor-id=\"79\" class=\"elementor elementor-79 elementor-bc-flex-widget\">\n\t\t\t\t\t\t<div class=\"elementor-inner\">\n\t\t\t\t<div class=\"elementor-section-wrap\">\n\t\t\t\t\t\t\t\t\t<section class=\"elementor-section elementor-top-section elementor-element elementor-element-14179bed elementor-section-boxed elementor-section-height-default elementor-section-height-default\" data-id=\"14179bed\" data-element_type=\"section\">\n\t\t\t\t\t\t<div class=\"elementor-container elementor-column-gap-default\">\n\t\t\t\t\t\t\t<div class=\"elementor-row\">\n\t\t\t\t\t<div class=\"elementor-column elementor-col-100 elementor-top-column elementor-element elementor-element-1ab41fd\" data-id=\"1ab41fd\" data-element_type=\"column\">\n\t\t\t<div class=\"elementor-column-wrap elementor-element-populated\">\n\t\t\t\t\t\t\t<div class=\"elementor-widget-wrap\">\n\t\t\t\t\t\t<div class=\"elementor-element elementor-element-e53527d elementor-widget elementor-widget-text-editor\" data-id=\"e53527d\" data-element_type=\"widget\" data-widget_type=\"text-editor.default\">\n\t\t\t\t<div class=\"elementor-widget-container\">\n\t\t\t\t\t\t\t\t<div class=\"elementor-text-editor elementor-clearfix\">\n\t\t\t\t<p><strong><em>Unser Leistungsspektrum &#8211; wir sind Ihr Partner<\/em><\/strong><\/p><p>Wir bedienen die komplette Bandbreite an Krankentransporten, wie beispielsweise Einweisungs- und Entlassungsfahrten zu und von Krankenh\u00e4usern und Kureinrichtungen, Fahrten zur ambulanten Behandlung, Verlegungsfahrten, Dialysefahrten, Fahrten zur Strahlentherapie und Chemotherapie, Wunschfahrten, Fahrten zur Kurzzeitpflege sowie R\u00fcckholfahrten nach einem Unfall. Wir unterscheiden dabei verschiedene Transportarten, welche f\u00fcr Sie infrage kommt ist bereits bei der Anmeldung der Fahrt mitzuteilen. <br \/>F\u00fcr Patienten, die auf einen Rollstuhl angewiesen sind, verf\u00fcgen wir \u00fcber 12 Rollstuhlfahrzeuge. Hier bleiben Sie in Ihrem eigenen Rollstuhl sitzen und werden \u00fcber eine Rampe in das Fahrzeug gefahren. Diese Fahrzeuge sind durch einen Spezialausbauer hergestellt und entsprechen den deutschen Sicherheitsstandards. Unsere Krankentransportfahrzeuge kommen f\u00fcr Sie zum Einsatz, wenn Sie \u00fcber keinen eigenen Rollstuhl verf\u00fcgen oder im Haus oder in Ihrer Wohnung Treppen zu \u00fcberwinden sind.<br \/><br \/>In jedem Fall treffen wir individuelle Absprachen mit Ihnen, die wir entweder direkt mit der Krankenkasse oder mit Ihnen als Privatpatienten verrechnen. Sollten Sie Spezialfahrten w\u00fcnschen, die wir gerne auch deutschlandweit durchf\u00fchren, besprechen Sie einfach mit uns Ihr Vorhaben &#8211; wir finden die passende L\u00f6sung.<\/p>\t\t\t\t\t<\/div>\n\t\t\t\t\t\t<\/div>\n\t\t\t\t<\/div>\n\t\t\t\t\t\t<\/div>\n\t\t\t\t\t<\/div>\n\t\t<\/div>\n\t\t\t\t\t\t\t\t<\/div>\n\t\t\t\t\t<\/div>\n\t\t<\/section>\n\t\t\t\t\t\t\t\t\t<\/div>\n\t\t\t<\/div>\n\t\t\t\t\t<\/div>\n\t\t","protected":false},"excerpt":{"rendered":"<p>Unser Leistungsspektrum &#8211; wir sind Ihr Partner Wir bedienen die komplette Bandbreite an Krankentransporten, wie beispielsweise Einweisungs- und Entlassungsfahrten zu und von Krankenh\u00e4usern und Kureinrichtungen, Fahrten zur ambulanten Behandlung, Verlegungsfahrten, Dialysefahrten, Fahrten zur Strahlentherapie und Chemotherapie, Wunschfahrten, Fahrten zur Kurzzeitpflege sowie R\u00fcckholfahrten nach einem Unfall. Wir unterscheiden dabei verschiedene Transportarten, welche f\u00fcr Sie infrage kommt ist bereits bei der Anmeldung der Fahrt mitzuteilen. F\u00fcr Patienten, die auf einen Rollstuhl angewiesen sind, verf\u00fcgen wir \u00fcber 12 Rollstuhlfahrzeuge. Hier bleiben Sie in Ihrem eigenen Rollstuhl sitzen und werden \u00fcber eine Rampe in das Fahrzeug gefahren. Diese Fahrzeuge sind durch einen Spezialausbauer hergestellt und entsprechen den deutschen Sicherheitsstandards. Unsere Krankentransportfahrzeuge kommen f\u00fcr Sie&hellip; <a class=\"read-more\" href=\"https:\/\/kb-moreno.de\/?page_id=79\">Mehr Lesen<\/a><\/p>\n","protected":false},"author":2,"featured_media":0,"parent":0,"menu_order":0,"comment_status":"closed","ping_status":"closed","template":"","meta":{"footnotes":""},"class_list":["post-79","page","type-page","status-publish","hentry"],"_links":{"self":[{"href":"https:\/\/kb-moreno.de\/index.php?rest_route=\/wp\/v2\/pages\/79","targetHints":{"allow":["GET"]}}],"collection":[{"href":"https:\/\/kb-moreno.de\/index.php?rest_route=\/wp\/v2\/pages"}],"about":[{"href":"https:\/\/kb-moreno.de\/index.php?rest_route=\/wp\/v2\/types\/page"}],"author":[{"embeddable":true,"href":"https:\/\/kb-moreno.de\/index.php?rest_route=\/wp\/v2\/users\/2"}],"replies":[{"embeddable":true,"href":"https:\/\/kb-moreno.de\/index.php?rest_route=%2Fwp%2Fv2%2Fcomments&post=79"}],"version-history":[{"count":4,"href":"https:\/\/kb-moreno.de\/index.php?rest_route=\/wp\/v2\/pages\/79\/revisions"}],"predecessor-version":[{"id":125,"href":"https:\/\/kb-moreno.de\/index.php?rest_route=\/wp\/v2\/pages\/79\/revisions\/125"}],"wp:attachment":[{"href":"https:\/\/kb-moreno.de\/index.php?rest_route=%2Fwp%2Fv2%2Fmedia&parent=79"}],"curies":[{"name":"wp","href":"https:\/\/api.w.org\/{rel}","templated":true}]}}