{"id":77,"date":"2018-05-09T12:21:47","date_gmt":"2018-05-09T12:21:47","guid":{"rendered":"http:\/\/kb-moreno.de\/?page_id=77"},"modified":"2025-06-09T15:28:27","modified_gmt":"2025-06-09T13:28:27","slug":"ueber-uns","status":"publish","type":"page","link":"https:\/\/kb-moreno.de\/?page_id=77","title":{"rendered":"\u00dcber Uns"},"content":{"rendered":"\t\t<div data-elementor-type=\"wp-page\" data-elementor-id=\"77\" class=\"elementor elementor-77 elementor-bc-flex-widget\">\n\t\t\t\t\t\t<div class=\"elementor-inner\">\n\t\t\t\t<div class=\"elementor-section-wrap\">\n\t\t\t\t\t\t\t\t\t<section class=\"elementor-section elementor-top-section elementor-element elementor-element-4a80fc1 elementor-section-boxed elementor-section-height-default elementor-section-height-default\" data-id=\"4a80fc1\" data-element_type=\"section\">\n\t\t\t\t\t\t<div class=\"elementor-container elementor-column-gap-default\">\n\t\t\t\t\t\t\t<div class=\"elementor-row\">\n\t\t\t\t\t<div class=\"elementor-column elementor-col-100 elementor-top-column elementor-element elementor-element-e5b8ec2\" data-id=\"e5b8ec2\" data-element_type=\"column\">\n\t\t\t<div class=\"elementor-column-wrap elementor-element-populated\">\n\t\t\t\t\t\t\t<div class=\"elementor-widget-wrap\">\n\t\t\t\t\t\t<div class=\"elementor-element elementor-element-f46789c elementor-widget elementor-widget-text-editor\" data-id=\"f46789c\" data-element_type=\"widget\" data-widget_type=\"text-editor.default\">\n\t\t\t\t<div class=\"elementor-widget-container\">\n\t\t\t\t\t\t\t\t<div class=\"elementor-text-editor elementor-clearfix\">\n\t\t\t\t<p><strong><em>Betreuung durch engagierte Mitarbeiter<\/em><\/strong><\/p><p>Unsere gut ausgebildeten Mitarbeiter sind die Repr\u00e4sentanten unseres Unternehmens. Sie stehen uns und somit auch Ihnen t\u00e4glich zur Seite, um Sie zu unterst\u00fctzen und sicher ans Ziel zu begleiten.<br \/><br \/>Unsere Disponenten und Mitarbeiterinnen der Verwaltung betreuen Sie gern, wenn es um Abrechnungsfragen mit den Krankenkassen geht, oder wenn Sie einfach nicht weiter wissen, wie Sie den Transport organisieren k\u00f6nnen. Neben allen niedergelassenen \u00c4rzten und deren Teams stehen wir auch den Krankenh\u00e4usern der Region als Ansprechpartner zur Verf\u00fcgung.<\/p><p><br \/>Unsere Mitarbeiter im Fahrdienst sorgen direkt f\u00fcr Ihr Wohlbefinden. Stets h\u00f6flich und korrekt begleitet Sie Ihr Fahrer auch bis zur Anmeldung in der Arztpraxis oder im Krankenhaus und spricht mit dem Praxisteam auch den R\u00fccktransport ab. Bitte verlangen Sie immer eine Visitenkarte unseres Unternehmens, um im Zweifelsfall direkt mit der Gesch\u00e4ftsleitung R\u00fccksprache zu halten.<\/p><p><br \/>Wir freuen uns immer \u00fcber positive\u00a0R\u00fcckmeldungen\u00a0unserer Patienten, wenn alles gut geklappt hat. Aber auch Kritik k\u00f6nnen wir gut vertragen, denn nur so sind wir in der Lage, unseren Service weiter zu verbessern.<\/p><p><br \/>F\u00fcr Sie als Patient oder Angeh\u00f6riger ergibt sich der Vorteil, dass Sie mit uns einen Ansprechpartner f\u00fcr alle Bef\u00f6rderungsarten haben.<\/p>\t\t\t\t\t<\/div>\n\t\t\t\t\t\t<\/div>\n\t\t\t\t<\/div>\n\t\t\t\t\t\t<\/div>\n\t\t\t\t\t<\/div>\n\t\t<\/div>\n\t\t\t\t\t\t\t\t<\/div>\n\t\t\t\t\t<\/div>\n\t\t<\/section>\n\t\t\t\t\t\t\t\t\t<\/div>\n\t\t\t<\/div>\n\t\t\t\t\t<\/div>\n\t\t","protected":false},"excerpt":{"rendered":"<p>Betreuung durch engagierte Mitarbeiter Unsere gut ausgebildeten Mitarbeiter sind die Repr\u00e4sentanten unseres Unternehmens. Sie stehen uns und somit auch Ihnen t\u00e4glich zur Seite, um Sie zu unterst\u00fctzen und sicher ans Ziel zu begleiten. Unsere Disponenten und Mitarbeiterinnen der Verwaltung betreuen Sie gern, wenn es um Abrechnungsfragen mit den Krankenkassen geht, oder wenn Sie einfach nicht weiter wissen, wie Sie den Transport organisieren k\u00f6nnen. Neben allen niedergelassenen \u00c4rzten und deren Teams stehen wir auch den Krankenh\u00e4usern der Region als Ansprechpartner zur Verf\u00fcgung. Unsere Mitarbeiter im Fahrdienst sorgen direkt f\u00fcr Ihr Wohlbefinden. Stets h\u00f6flich und korrekt begleitet Sie Ihr Fahrer auch bis zur Anmeldung in der Arztpraxis oder im Krankenhaus und spricht&hellip; <a class=\"read-more\" href=\"https:\/\/kb-moreno.de\/?page_id=77\">Mehr Lesen<\/a><\/p>\n","protected":false},"author":2,"featured_media":0,"parent":0,"menu_order":0,"comment_status":"closed","ping_status":"closed","template":"","meta":{"footnotes":""},"class_list":["post-77","page","type-page","status-publish","hentry"],"_links":{"self":[{"href":"https:\/\/kb-moreno.de\/index.php?rest_route=\/wp\/v2\/pages\/77","targetHints":{"allow":["GET"]}}],"collection":[{"href":"https:\/\/kb-moreno.de\/index.php?rest_route=\/wp\/v2\/pages"}],"about":[{"href":"https:\/\/kb-moreno.de\/index.php?rest_route=\/wp\/v2\/types\/page"}],"author":[{"embeddable":true,"href":"https:\/\/kb-moreno.de\/index.php?rest_route=\/wp\/v2\/users\/2"}],"replies":[{"embeddable":true,"href":"https:\/\/kb-moreno.de\/index.php?rest_route=%2Fwp%2Fv2%2Fcomments&post=77"}],"version-history":[{"count":3,"href":"https:\/\/kb-moreno.de\/index.php?rest_route=\/wp\/v2\/pages\/77\/revisions"}],"predecessor-version":[{"id":127,"href":"https:\/\/kb-moreno.de\/index.php?rest_route=\/wp\/v2\/pages\/77\/revisions\/127"}],"wp:attachment":[{"href":"https:\/\/kb-moreno.de\/index.php?rest_route=%2Fwp%2Fv2%2Fmedia&parent=77"}],"curies":[{"name":"wp","href":"https:\/\/api.w.org\/{rel}","templated":true}]}}